{"id":3,"date":"2020-01-31T21:34:10","date_gmt":"2020-01-31T21:34:10","guid":{"rendered":"https:\/\/camozzi-batiment.com\/?page_id=3"},"modified":"2020-02-29T23:57:02","modified_gmt":"2020-02-29T23:57:02","slug":"donnees-personnelles","status":"publish","type":"page","link":"https:\/\/camozzi-batiment.com\/index.php\/donnees-personnelles\/","title":{"rendered":"Les donn\u00e9es personnelles"},"content":{"rendered":"\n<h2 class=\"wp-block-heading\">D\u00e9finition <\/h2>\n\n\n\n<p>Les donn\u00e9es personnelles sont les informations d\u2019identification directe ou indirecte d\u2019une personne physique. Il s\u2019agit le plus  souvent du nom, de l\u2019adresse postale et\/ou \u00e9lectronique, du n\u00b0 de  t\u00e9l\u00e9phone et de l\u2019adresse IP de l\u2019ordinateur que vous poss\u00e9dez.<\/p>\n\n\n\n<h2 class=\"wp-block-heading\">Qui g\u00e8re la collecte de donn\u00e9es du site Camozzi ?  <\/h2>\n\n\n\n<p>Notre soci\u00e9t\u00e9 g\u00e8re les donn\u00e9es personnelles des personnes qui remplissent notre formulaire de contact.<\/p>\n\n\n\n<h2 class=\"wp-block-heading\">A quel moment sont collect\u00e9es vos donn\u00e9es ?<\/h2>\n\n\n\n<p>Nous collectons vos donn\u00e9es personnelles lorsque :<\/p>\n\n\n\n<ul class=\"wp-block-list\"><li>vous naviguez sur notre site internet,<\/li><li>vous nous contacter par email ou via le formulaire de contact<\/li><li>vous partagez une page ou une offre avec un ami par envoi d\u2019un e-mail<\/li><li>vous partagez une page ou une offre par l\u2019interm\u00e9diaire d\u2019un r\u00e9seau social.<\/li><\/ul>\n\n\n\n<h2 class=\"wp-block-heading\">Que deviennent vos donn\u00e9es personnelles une fois collect\u00e9es ? <\/h2>\n\n\n\n<p>Ces donn\u00e9es peuvent \u00eatre transmises aux soci\u00e9t\u00e9s et sous-traitants et \u00e0 ses prestataires, situ\u00e9s dans l\u2019Union Europ\u00e9enne, auxquels je fais appel dans le cadre de l\u2019ex\u00e9cution des commandes et prestations de services propos\u00e9s via le site internet.<\/p>\n\n\n\n<h2 class=\"wp-block-heading\">Quelle est la dur\u00e9e de conservation de vos donn\u00e9es ?  <\/h2>\n\n\n\n<p> Les donn\u00e9es des cookies ont une dur\u00e9e de vie de 13 mois \u00e0 partir du d\u00e9p\u00f4t sur votre ordinateur ou terminal. <\/p>\n\n\n\n<h2 class=\"wp-block-heading\">Comment acc\u00e9der \u00e0 vos donn\u00e9es personnelles et les modifier en cas d\u2019erreur ? <\/h2>\n\n\n\n<p>Conform\u00e9ment \u00e0 la loi \u00ab informatique et libert\u00e9s \u00bb du 6 janvier 1978    modifi\u00e9e en 2004 et au r\u00e8glement europ\u00e9en n\u00b02016\/679, vous b\u00e9n\u00e9ficiez    d\u2019un droit d\u2019acc\u00e8s et de rectification aux informations qui vous    concernent. Pour ce faire, merci de nous envoyer un courrier recommand\u00e9    avec une copie de votre carte d\u2019identit\u00e9 \u00e0 l\u2019adresse email suivante :  contact@camozzi-batiment.com.                   <\/p>\n\n\n\n<p>Les droits cit\u00e9s ci-dessus prennent fin en cas de d\u00e9c\u00e8s. Vous   disposez du droit de d\u00e9finition des directives relatives \u00e0 la conservation, la suppression et la communication de vos donn\u00e9es   personnelles pr\u00e8s votre d\u00e9c\u00e8s.<\/p>\n\n\n\n<h2 class=\"wp-block-heading\">Les cookies  <\/h2>\n\n\n\n<p>Lors de votre premi\u00e8re visite, un bandeau vous donnant acc\u00e8s \u00e0 cette \npage, vous indique \u00e9galement qu\u2019en poursuivant la navigation sur notre \nsite internet, vous acceptez les cookies.<\/p>\n\n\n\n<p>Afin d\u2019avoir plus d\u2019informations sur les cookies, nous vous  \nconseillons de consulter le site internet de la CNIL (Commission  \nNationale de l\u2019Informatique et des Libert\u00e9s) \u00e0 l\u2019adresse :  <a href=\"http:\/\/www.cnil.fr\/vos-libertes\/vos-traces\/les-cookies\/\">http:\/\/www.cnil.fr\/vos-libertes\/vos-traces\/les-cookies\/<\/a><\/p>\n\n\n\n<p>Vous pouvez autoriser ou refuser l\u2019enregistrement de cookies dans \nvotre terminal avec les param\u00e8tres appropri\u00e9s de votre navigateur \ninternet.<\/p>\n\n\n\n<p>Voici les proc\u00e9dures pour les navigateurs les plus couramment utilis\u00e9s :<\/p>\n\n\n\n<ul class=\"wp-block-list\"><li>Pour Internet Explorer\u2122 : http:\/\/windows.microsoft.com\/fr-FR\/windows-vista\/Block-or-allow-cookies<\/li><li>Pour Safari\u2122 : http:\/\/www.apple.com\/fr\/privacy\/use-of-cookies\/<\/li><li>Pour Chrome\u2122 : http:\/\/support.google.com\/chrome\/bin\/answer.py?hl=fr&amp;hlrm=en&amp;answer=95647<\/li><li>Pour Firefox\u2122 : http:\/\/support.mozilla.org\/fr\/kb\/Activer%20et%20d%C3%A9sactiver%20les%20cookies<\/li><li>Pour Op\u00e9ra\u2122 : http:\/\/help.opera.com\/Windows\/10.20\/fr\/cookies.html<\/li><\/ul>\n\n\n\n<h2 class=\"wp-block-heading\">Les r\u00e9seaux sociaux <\/h2>\n\n\n\n<p>Mon site internet utilise des APIs de r\u00e9seaux sociaux, notamment  Facebook (www.facebook.fr) et LinkedIn (https:\/\/www.linkedin.com).<\/p>\n\n\n\n<p>Si vous utilisez ces APIs (exemple des boutons \u00ab J\u2019aime \u00bb ou \u00ab \nPartager \u00bb), les informations li\u00e9es \u00e0 votre navigation sur notre site \ninternet seront transmises et enregistr\u00e9es aupr\u00e8s de la soci\u00e9t\u00e9 \nexploitant le R\u00e9seau Social.<\/p>\n\n\n\n<p>Si vous ne souhaitez pas qu\u2019un R\u00e9seau Social relie les informations  \ncollect\u00e9es par l\u2019interm\u00e9diaire de notre site internet, vous devez vous  \nd\u00e9connecter du R\u00e9seau Social avant de visiter notre site internet.<\/p>\n","protected":false},"excerpt":{"rendered":"<p>D\u00e9finition Les donn\u00e9es personnelles sont les informations d\u2019identification directe ou indirecte d\u2019une personne physique. Il s\u2019agit le plus souvent du nom, de l\u2019adresse postale et\/ou \u00e9lectronique, du n\u00b0 de t\u00e9l\u00e9phone<\/p>\n<div><a href=\"https:\/\/camozzi-batiment.com\/index.php\/donnees-personnelles\/\" class=\"exp-read-more exp-read-more-underlined\">Read More<\/a><\/div>\n","protected":false},"author":1,"featured_media":0,"parent":0,"menu_order":0,"comment_status":"closed","ping_status":"closed","template":"","meta":{"footnotes":""},"class_list":["post-3","page","type-page","status-publish","hentry"],"yoast_head":"<!-- This site is optimized with the Yoast SEO plugin v27.3 - https:\/\/yoast.com\/product\/yoast-seo-wordpress\/ -->\n<title>Les Donn\u00e9es Personnelles du site internet Camozzi<\/title>\n<meta name=\"description\" content=\"Donn\u00e9es Personnelles Camozzi : d\u00e9couvrez l&#039;ensemble de vos droits, de la fa\u00e7on dont nous collectons les donn\u00e9es et ce que nous en faisons.\" \/>\n<meta name=\"robots\" content=\"index, follow, max-snippet:-1, max-image-preview:large, max-video-preview:-1\" \/>\n<link rel=\"canonical\" href=\"https:\/\/camozzi-batiment.com\/index.php\/donnees-personnelles\/\" \/>\n<meta property=\"og:locale\" content=\"fr_FR\" \/>\n<meta property=\"og:type\" content=\"article\" \/>\n<meta property=\"og:title\" content=\"Les Donn\u00e9es Personnelles du site internet Camozzi\" \/>\n<meta property=\"og:description\" content=\"Donn\u00e9es Personnelles Camozzi : d\u00e9couvrez l&#039;ensemble de vos droits, de la fa\u00e7on dont nous collectons les donn\u00e9es et ce que nous en faisons.\" \/>\n<meta property=\"og:url\" content=\"https:\/\/camozzi-batiment.com\/index.php\/donnees-personnelles\/\" \/>\n<meta property=\"og:site_name\" content=\"Camozzi\" \/>\n<meta property=\"article:modified_time\" content=\"2020-02-29T23:57:02+00:00\" \/>\n<meta name=\"twitter:card\" content=\"summary_large_image\" \/>\n<meta name=\"twitter:label1\" content=\"Dur\u00e9e de lecture estim\u00e9e\" \/>\n\t<meta name=\"twitter:data1\" content=\"3 minutes\" \/>\n<script type=\"application\/ld+json\" class=\"yoast-schema-graph\">{\"@context\":\"https:\\\/\\\/schema.org\",\"@graph\":[{\"@type\":\"WebPage\",\"@id\":\"https:\\\/\\\/camozzi-batiment.com\\\/index.php\\\/donnees-personnelles\\\/\",\"url\":\"https:\\\/\\\/camozzi-batiment.com\\\/index.php\\\/donnees-personnelles\\\/\",\"name\":\"Les Donn\u00e9es Personnelles du site internet Camozzi\",\"isPartOf\":{\"@id\":\"https:\\\/\\\/camozzi-batiment.com\\\/#website\"},\"datePublished\":\"2020-01-31T21:34:10+00:00\",\"dateModified\":\"2020-02-29T23:57:02+00:00\",\"description\":\"Donn\u00e9es Personnelles Camozzi : d\u00e9couvrez l'ensemble de vos droits, de la fa\u00e7on dont nous collectons les donn\u00e9es et ce que nous en faisons.\",\"breadcrumb\":{\"@id\":\"https:\\\/\\\/camozzi-batiment.com\\\/index.php\\\/donnees-personnelles\\\/#breadcrumb\"},\"inLanguage\":\"fr-FR\",\"potentialAction\":[{\"@type\":\"ReadAction\",\"target\":[\"https:\\\/\\\/camozzi-batiment.com\\\/index.php\\\/donnees-personnelles\\\/\"]}]},{\"@type\":\"BreadcrumbList\",\"@id\":\"https:\\\/\\\/camozzi-batiment.com\\\/index.php\\\/donnees-personnelles\\\/#breadcrumb\",\"itemListElement\":[{\"@type\":\"ListItem\",\"position\":1,\"name\":\"Home\",\"item\":\"https:\\\/\\\/camozzi-batiment.com\\\/\"},{\"@type\":\"ListItem\",\"position\":2,\"name\":\"Les donn\u00e9es personnelles\"}]},{\"@type\":\"WebSite\",\"@id\":\"https:\\\/\\\/camozzi-batiment.com\\\/#website\",\"url\":\"https:\\\/\\\/camozzi-batiment.com\\\/\",\"name\":\"Camozzi\",\"description\":\"Just another WordPress site\",\"potentialAction\":[{\"@type\":\"SearchAction\",\"target\":{\"@type\":\"EntryPoint\",\"urlTemplate\":\"https:\\\/\\\/camozzi-batiment.com\\\/?s={search_term_string}\"},\"query-input\":{\"@type\":\"PropertyValueSpecification\",\"valueRequired\":true,\"valueName\":\"search_term_string\"}}],\"inLanguage\":\"fr-FR\"}]}<\/script>\n<!-- \/ Yoast SEO plugin. -->","yoast_head_json":{"title":"Les Donn\u00e9es Personnelles du site internet Camozzi","description":"Donn\u00e9es Personnelles Camozzi : d\u00e9couvrez l'ensemble de vos droits, de la fa\u00e7on dont nous collectons les donn\u00e9es et ce que nous en faisons.","robots":{"index":"index","follow":"follow","max-snippet":"max-snippet:-1","max-image-preview":"max-image-preview:large","max-video-preview":"max-video-preview:-1"},"canonical":"https:\/\/camozzi-batiment.com\/index.php\/donnees-personnelles\/","og_locale":"fr_FR","og_type":"article","og_title":"Les Donn\u00e9es Personnelles du site internet Camozzi","og_description":"Donn\u00e9es Personnelles Camozzi : d\u00e9couvrez l'ensemble de vos droits, de la fa\u00e7on dont nous collectons les donn\u00e9es et ce que nous en faisons.","og_url":"https:\/\/camozzi-batiment.com\/index.php\/donnees-personnelles\/","og_site_name":"Camozzi","article_modified_time":"2020-02-29T23:57:02+00:00","twitter_card":"summary_large_image","twitter_misc":{"Dur\u00e9e de lecture estim\u00e9e":"3 minutes"},"schema":{"@context":"https:\/\/schema.org","@graph":[{"@type":"WebPage","@id":"https:\/\/camozzi-batiment.com\/index.php\/donnees-personnelles\/","url":"https:\/\/camozzi-batiment.com\/index.php\/donnees-personnelles\/","name":"Les Donn\u00e9es Personnelles du site internet Camozzi","isPartOf":{"@id":"https:\/\/camozzi-batiment.com\/#website"},"datePublished":"2020-01-31T21:34:10+00:00","dateModified":"2020-02-29T23:57:02+00:00","description":"Donn\u00e9es Personnelles Camozzi : d\u00e9couvrez l'ensemble de vos droits, de la fa\u00e7on dont nous collectons les donn\u00e9es et ce que nous en faisons.","breadcrumb":{"@id":"https:\/\/camozzi-batiment.com\/index.php\/donnees-personnelles\/#breadcrumb"},"inLanguage":"fr-FR","potentialAction":[{"@type":"ReadAction","target":["https:\/\/camozzi-batiment.com\/index.php\/donnees-personnelles\/"]}]},{"@type":"BreadcrumbList","@id":"https:\/\/camozzi-batiment.com\/index.php\/donnees-personnelles\/#breadcrumb","itemListElement":[{"@type":"ListItem","position":1,"name":"Home","item":"https:\/\/camozzi-batiment.com\/"},{"@type":"ListItem","position":2,"name":"Les donn\u00e9es personnelles"}]},{"@type":"WebSite","@id":"https:\/\/camozzi-batiment.com\/#website","url":"https:\/\/camozzi-batiment.com\/","name":"Camozzi","description":"Just another WordPress site","potentialAction":[{"@type":"SearchAction","target":{"@type":"EntryPoint","urlTemplate":"https:\/\/camozzi-batiment.com\/?s={search_term_string}"},"query-input":{"@type":"PropertyValueSpecification","valueRequired":true,"valueName":"search_term_string"}}],"inLanguage":"fr-FR"}]}},"_links":{"self":[{"href":"https:\/\/camozzi-batiment.com\/index.php\/wp-json\/wp\/v2\/pages\/3","targetHints":{"allow":["GET"]}}],"collection":[{"href":"https:\/\/camozzi-batiment.com\/index.php\/wp-json\/wp\/v2\/pages"}],"about":[{"href":"https:\/\/camozzi-batiment.com\/index.php\/wp-json\/wp\/v2\/types\/page"}],"author":[{"embeddable":true,"href":"https:\/\/camozzi-batiment.com\/index.php\/wp-json\/wp\/v2\/users\/1"}],"replies":[{"embeddable":true,"href":"https:\/\/camozzi-batiment.com\/index.php\/wp-json\/wp\/v2\/comments?post=3"}],"version-history":[{"count":3,"href":"https:\/\/camozzi-batiment.com\/index.php\/wp-json\/wp\/v2\/pages\/3\/revisions"}],"predecessor-version":[{"id":5565,"href":"https:\/\/camozzi-batiment.com\/index.php\/wp-json\/wp\/v2\/pages\/3\/revisions\/5565"}],"wp:attachment":[{"href":"https:\/\/camozzi-batiment.com\/index.php\/wp-json\/wp\/v2\/media?parent=3"}],"curies":[{"name":"wp","href":"https:\/\/api.w.org\/{rel}","templated":true}]}}